{"id":997,"date":"2022-02-23T15:36:16","date_gmt":"2022-02-23T19:36:16","guid":{"rendered":"https:\/\/groupelog.com\/?page_id=997"},"modified":"2023-06-14T09:04:55","modified_gmt":"2023-06-14T13:04:55","slug":"phd-students","status":"publish","type":"page","link":"https:\/\/groupelog.com\/fr\/phd-students\/","title":{"rendered":"Doctorants et doctorantes"},"content":{"rendered":"\t\t<div data-elementor-type=\"wp-page\" data-elementor-id=\"997\" class=\"elementor elementor-997\">\n\t\t\t\t\t\t<section class=\"elementor-section elementor-top-section elementor-element elementor-element-a429bc0 elementor-section-boxed elementor-section-height-default elementor-section-height-default\" data-id=\"a429bc0\" data-element_type=\"section\" data-e-type=\"section\">\n\t\t\t\t\t\t<div class=\"elementor-container elementor-column-gap-default\">\n\t\t\t\t\t<div class=\"elementor-column elementor-col-25 elementor-top-column elementor-element elementor-element-d55a67c\" data-id=\"d55a67c\" data-element_type=\"column\" data-e-type=\"column\">\n\t\t\t<div class=\"elementor-widget-wrap elementor-element-populated\">\n\t\t\t\t\t\t<div class=\"elementor-element elementor-element-d5a2fcc elementor-widget elementor-widget-image\" data-id=\"d5a2fcc\" data-element_type=\"widget\" data-e-type=\"widget\" data-widget_type=\"image.default\">\n\t\t\t\t<div class=\"elementor-widget-container\">\n\t\t\t\t\t\t\t\t\t\t\t\t\t\t\t<img decoding=\"async\" width=\"150\" height=\"150\" src=\"https:\/\/groupelog.com\/wp-content\/uploads\/2022\/02\/id1-150x150.png\" class=\"attachment-thumbnail size-thumbnail wp-image-953\" alt=\"\" srcset=\"https:\/\/groupelog.com\/wp-content\/uploads\/2022\/02\/id1-150x150.png 150w, https:\/\/groupelog.com\/wp-content\/uploads\/2022\/02\/id1.png 181w\" sizes=\"(max-width: 639px) 98vw, (max-width: 1199px) 64vw, 150px\" \/>\t\t\t\t\t\t\t\t\t\t\t\t\t\t\t<\/div>\n\t\t\t\t<\/div>\n\t\t\t\t<div class=\"elementor-element elementor-element-65cfddd elementor-widget elementor-widget-text-editor\" data-id=\"65cfddd\" data-element_type=\"widget\" data-e-type=\"widget\" data-widget_type=\"text-editor.default\">\n\t\t\t\t<div class=\"elementor-widget-container\">\n\t\t\t\t\t\t\t\t\t<p><b>Matthieu Balay<\/b><br \/><i>\u00ab Dynamique communicationnelle d&rsquo;une activit\u00e9 de Team Building \u00bb<\/i><br \/>Dir. : F. Cooren<\/p>\t\t\t\t\t\t\t\t<\/div>\n\t\t\t\t<\/div>\n\t\t\t\t\t<\/div>\n\t\t<\/div>\n\t\t\t\t<div class=\"elementor-column elementor-col-25 elementor-top-column elementor-element elementor-element-34e5e6b\" data-id=\"34e5e6b\" data-element_type=\"column\" data-e-type=\"column\">\n\t\t\t<div class=\"elementor-widget-wrap elementor-element-populated\">\n\t\t\t\t\t\t<div class=\"elementor-element elementor-element-8659268 elementor-widget elementor-widget-image\" data-id=\"8659268\" data-element_type=\"widget\" data-e-type=\"widget\" data-widget_type=\"image.default\">\n\t\t\t\t<div class=\"elementor-widget-container\">\n\t\t\t\t\t\t\t\t\t\t\t\t\t\t\t<img decoding=\"async\" width=\"150\" height=\"150\" src=\"https:\/\/groupelog.com\/wp-content\/uploads\/2022\/02\/jbilodeau-150x150.jpg\" class=\"attachment-thumbnail size-thumbnail wp-image-1011\" alt=\"\" \/>\t\t\t\t\t\t\t\t\t\t\t\t\t\t\t<\/div>\n\t\t\t\t<\/div>\n\t\t\t\t<div class=\"elementor-element elementor-element-d4e23ac elementor-widget elementor-widget-text-editor\" data-id=\"d4e23ac\" data-element_type=\"widget\" data-e-type=\"widget\" data-widget_type=\"text-editor.default\">\n\t\t\t\t<div class=\"elementor-widget-container\">\n\t\t\t\t\t\t\t\t\t<p><b>Julie Bilodeau<br \/><\/b>Dir. C. Benoit-Barn\u00e9<\/p>\t\t\t\t\t\t\t\t<\/div>\n\t\t\t\t<\/div>\n\t\t\t\t\t<\/div>\n\t\t<\/div>\n\t\t\t\t<div class=\"elementor-column elementor-col-25 elementor-top-column elementor-element elementor-element-017376e\" data-id=\"017376e\" data-element_type=\"column\" data-e-type=\"column\">\n\t\t\t<div class=\"elementor-widget-wrap elementor-element-populated\">\n\t\t\t\t\t\t<div class=\"elementor-element elementor-element-d2695cd elementor-widget elementor-widget-image\" data-id=\"d2695cd\" data-element_type=\"widget\" data-e-type=\"widget\" data-widget_type=\"image.default\">\n\t\t\t\t<div class=\"elementor-widget-container\">\n\t\t\t\t\t\t\t\t\t\t\t\t\t\t\t<img decoding=\"async\" width=\"150\" height=\"150\" src=\"https:\/\/groupelog.com\/wp-content\/uploads\/2022\/02\/fdion-150x150.jpg\" class=\"attachment-thumbnail size-thumbnail wp-image-1018\" alt=\"\" srcset=\"https:\/\/groupelog.com\/wp-content\/uploads\/2022\/02\/fdion-150x150.jpg 150w, https:\/\/groupelog.com\/wp-content\/uploads\/2022\/02\/fdion.jpg 181w\" sizes=\"(max-width: 639px) 98vw, (max-width: 1199px) 64vw, 150px\" \/>\t\t\t\t\t\t\t\t\t\t\t\t\t\t\t<\/div>\n\t\t\t\t<\/div>\n\t\t\t\t<div class=\"elementor-element elementor-element-7c540ec elementor-widget elementor-widget-text-editor\" data-id=\"7c540ec\" data-element_type=\"widget\" data-e-type=\"widget\" data-widget_type=\"text-editor.default\">\n\t\t\t\t<div class=\"elementor-widget-container\">\n\t\t\t\t\t\t\t\t\t<p><strong>Fr\u00e9d\u00e9ric Dion<\/strong><br \/>Dir. : F. Cooren<\/p>\t\t\t\t\t\t\t\t<\/div>\n\t\t\t\t<\/div>\n\t\t\t\t\t<\/div>\n\t\t<\/div>\n\t\t\t\t<div class=\"elementor-column elementor-col-25 elementor-top-column elementor-element elementor-element-119ca43\" data-id=\"119ca43\" data-element_type=\"column\" data-e-type=\"column\">\n\t\t\t<div class=\"elementor-widget-wrap elementor-element-populated\">\n\t\t\t\t\t\t<div class=\"elementor-element elementor-element-5451cff elementor-widget elementor-widget-image\" data-id=\"5451cff\" data-element_type=\"widget\" data-e-type=\"widget\" data-widget_type=\"image.default\">\n\t\t\t\t<div class=\"elementor-widget-container\">\n\t\t\t\t\t\t\t\t\t\t\t\t\t\t\t<img loading=\"lazy\" decoding=\"async\" width=\"150\" height=\"150\" src=\"https:\/\/groupelog.com\/wp-content\/uploads\/2022\/03\/lginoux-150x150.jpg\" class=\"attachment-thumbnail size-thumbnail wp-image-1057\" alt=\"\" srcset=\"https:\/\/groupelog.com\/wp-content\/uploads\/2022\/03\/lginoux-150x150.jpg 150w, https:\/\/groupelog.com\/wp-content\/uploads\/2022\/03\/lginoux.jpg 181w\" sizes=\"(max-width: 639px) 98vw, (max-width: 1199px) 64vw, 150px\" \/>\t\t\t\t\t\t\t\t\t\t\t\t\t\t\t<\/div>\n\t\t\t\t<\/div>\n\t\t\t\t<div class=\"elementor-element elementor-element-ab550e3 elementor-widget elementor-widget-text-editor\" data-id=\"ab550e3\" data-element_type=\"widget\" data-e-type=\"widget\" data-widget_type=\"text-editor.default\">\n\t\t\t\t<div class=\"elementor-widget-container\">\n\t\t\t\t\t\t\t\t\t<p><strong style=\"text-align: center;\">Laura Ginoux<\/strong><br style=\"text-align: center;\"><span style=\"text-align: center;\">Dir : K. McAllum<\/span><\/p>\t\t\t\t\t\t\t\t<\/div>\n\t\t\t\t<\/div>\n\t\t\t\t\t<\/div>\n\t\t<\/div>\n\t\t\t\t\t<\/div>\n\t\t<\/section>\n\t\t\t\t<section class=\"elementor-section elementor-top-section elementor-element elementor-element-557310b elementor-section-boxed elementor-section-height-default elementor-section-height-default\" data-id=\"557310b\" data-element_type=\"section\" data-e-type=\"section\">\n\t\t\t\t\t\t<div class=\"elementor-container elementor-column-gap-default\">\n\t\t\t\t\t<div class=\"elementor-column elementor-col-25 elementor-top-column elementor-element elementor-element-3befbb2\" data-id=\"3befbb2\" data-element_type=\"column\" data-e-type=\"column\">\n\t\t\t<div class=\"elementor-widget-wrap elementor-element-populated\">\n\t\t\t\t\t\t<div class=\"elementor-element elementor-element-852463d elementor-widget elementor-widget-image\" data-id=\"852463d\" data-element_type=\"widget\" data-e-type=\"widget\" data-widget_type=\"image.default\">\n\t\t\t\t<div class=\"elementor-widget-container\">\n\t\t\t\t\t\t\t\t\t\t\t\t\t\t\t<img loading=\"lazy\" decoding=\"async\" width=\"150\" height=\"150\" src=\"https:\/\/groupelog.com\/wp-content\/uploads\/2023\/06\/Photo-Luis-Gonzalez-150x150.jpeg\" class=\"attachment-thumbnail size-thumbnail wp-image-1114\" alt=\"\" \/>\t\t\t\t\t\t\t\t\t\t\t\t\t\t\t<\/div>\n\t\t\t\t<\/div>\n\t\t\t\t<div class=\"elementor-element elementor-element-e6c24b6 elementor-widget elementor-widget-text-editor\" data-id=\"e6c24b6\" data-element_type=\"widget\" data-e-type=\"widget\" data-widget_type=\"text-editor.default\">\n\t\t\t\t<div class=\"elementor-widget-container\">\n\t\t\t\t\t\t\t\t\t<p><b>Luis Edgardo Gonzalez Alarcon<\/b><br>Dir. : F. Cooren<\/p>\t\t\t\t\t\t\t\t<\/div>\n\t\t\t\t<\/div>\n\t\t\t\t\t<\/div>\n\t\t<\/div>\n\t\t\t\t<div class=\"elementor-column elementor-col-25 elementor-top-column elementor-element elementor-element-111bec4\" data-id=\"111bec4\" data-element_type=\"column\" data-e-type=\"column\">\n\t\t\t<div class=\"elementor-widget-wrap elementor-element-populated\">\n\t\t\t\t\t\t<div class=\"elementor-element elementor-element-c08ee7c elementor-widget elementor-widget-image\" data-id=\"c08ee7c\" data-element_type=\"widget\" data-e-type=\"widget\" data-widget_type=\"image.default\">\n\t\t\t\t<div class=\"elementor-widget-container\">\n\t\t\t\t\t\t\t\t\t\t\t\t\t\t\t<img loading=\"lazy\" decoding=\"async\" width=\"150\" height=\"150\" src=\"https:\/\/groupelog.com\/wp-content\/uploads\/2022\/03\/ahamon-150x150.jpg\" class=\"attachment-thumbnail size-thumbnail wp-image-1078\" alt=\"\" srcset=\"https:\/\/groupelog.com\/wp-content\/uploads\/2022\/03\/ahamon-150x150.jpg 150w, https:\/\/groupelog.com\/wp-content\/uploads\/2022\/03\/ahamon.jpg 181w\" sizes=\"(max-width: 639px) 98vw, (max-width: 1199px) 64vw, 150px\" \/>\t\t\t\t\t\t\t\t\t\t\t\t\t\t\t<\/div>\n\t\t\t\t<\/div>\n\t\t\t\t<div class=\"elementor-element elementor-element-7ed8f75 elementor-widget elementor-widget-text-editor\" data-id=\"7ed8f75\" data-element_type=\"widget\" data-e-type=\"widget\" data-widget_type=\"text-editor.default\">\n\t\t\t\t<div class=\"elementor-widget-container\">\n\t\t\t\t\t\t\t\t\t<p style=\"text-align: center;\"><b>Amandine Hamon<br \/><\/b><span style=\"color: var( --e-global-color-text ); font-family: var( --e-global-typography-text-font-family ), Sans-serif; font-size: inherit; font-weight: var( --e-global-typography-text-font-weight );\">Dir : C. Benoit-Barn\u00e9<\/span><\/p>\t\t\t\t\t\t\t\t<\/div>\n\t\t\t\t<\/div>\n\t\t\t\t\t<\/div>\n\t\t<\/div>\n\t\t\t\t<div class=\"elementor-column elementor-col-25 elementor-top-column elementor-element elementor-element-68fad62\" data-id=\"68fad62\" data-element_type=\"column\" data-e-type=\"column\">\n\t\t\t<div class=\"elementor-widget-wrap elementor-element-populated\">\n\t\t\t\t\t\t<div class=\"elementor-element elementor-element-e921f02 elementor-widget elementor-widget-image\" data-id=\"e921f02\" data-element_type=\"widget\" data-e-type=\"widget\" data-widget_type=\"image.default\">\n\t\t\t\t<div class=\"elementor-widget-container\">\n\t\t\t\t\t\t\t\t\t\t\t\t\t\t\t<img loading=\"lazy\" decoding=\"async\" width=\"150\" height=\"150\" src=\"https:\/\/groupelog.com\/wp-content\/uploads\/2022\/08\/Chloe_Portrait_5_1-150x150.jpg\" class=\"attachment-thumbnail size-thumbnail wp-image-1099\" alt=\"\" srcset=\"https:\/\/groupelog.com\/wp-content\/uploads\/2022\/08\/Chloe_Portrait_5_1-150x150.jpg 150w, https:\/\/groupelog.com\/wp-content\/uploads\/2022\/08\/Chloe_Portrait_5_1.jpg 200w\" sizes=\"(max-width: 639px) 98vw, (max-width: 1199px) 64vw, 150px\" \/>\t\t\t\t\t\t\t\t\t\t\t\t\t\t\t<\/div>\n\t\t\t\t<\/div>\n\t\t\t\t<div class=\"elementor-element elementor-element-7d28f63 elementor-widget elementor-widget-text-editor\" data-id=\"7d28f63\" data-element_type=\"widget\" data-e-type=\"widget\" data-widget_type=\"text-editor.default\">\n\t\t\t\t<div class=\"elementor-widget-container\">\n\t\t\t\t\t\t\t\t\t<p><strong>Chlo\u00e9 Keric-Eli<\/strong><br \/><i>\u00ab Pr\u00e9-suasion : pratiques communicationnelles d\u2019autorit\u00e9 dans les formations en d\u00e9veloppement personnel et professionnel \u00bb<\/i><br \/><span style=\"font-size: inherit; color: var( --e-global-color-text ); font-family: var( --e-global-typography-text-font-family ), Sans-serif; font-weight: var( --e-global-typography-text-font-weight );\">Dir : B. Brummans<\/span><\/p>\t\t\t\t\t\t\t\t<\/div>\n\t\t\t\t<\/div>\n\t\t\t\t\t<\/div>\n\t\t<\/div>\n\t\t\t\t<div class=\"elementor-column elementor-col-25 elementor-top-column elementor-element elementor-element-7a3c752\" data-id=\"7a3c752\" data-element_type=\"column\" data-e-type=\"column\">\n\t\t\t<div class=\"elementor-widget-wrap elementor-element-populated\">\n\t\t\t\t\t\t<div class=\"elementor-element elementor-element-f84dd79 elementor-widget elementor-widget-image\" data-id=\"f84dd79\" data-element_type=\"widget\" data-e-type=\"widget\" data-widget_type=\"image.default\">\n\t\t\t\t<div class=\"elementor-widget-container\">\n\t\t\t\t\t\t\t\t\t\t\t\t\t\t\t<img loading=\"lazy\" decoding=\"async\" width=\"150\" height=\"150\" src=\"https:\/\/groupelog.com\/wp-content\/uploads\/2022\/02\/malettebrochu-150x150.jpg\" class=\"attachment-thumbnail size-thumbnail wp-image-1009\" alt=\"\" srcset=\"https:\/\/groupelog.com\/wp-content\/uploads\/2022\/02\/malettebrochu-150x150.jpg 150w, https:\/\/groupelog.com\/wp-content\/uploads\/2022\/02\/malettebrochu-300x300.jpg 300w, https:\/\/groupelog.com\/wp-content\/uploads\/2022\/02\/malettebrochu-768x768.jpg 768w, https:\/\/groupelog.com\/wp-content\/uploads\/2022\/02\/malettebrochu-640x640.jpg 640w, https:\/\/groupelog.com\/wp-content\/uploads\/2022\/02\/malettebrochu.jpg 800w\" sizes=\"(max-width: 639px) 98vw, (max-width: 1199px) 64vw, 150px\" \/>\t\t\t\t\t\t\t\t\t\t\t\t\t\t\t<\/div>\n\t\t\t\t<\/div>\n\t\t\t\t<div class=\"elementor-element elementor-element-acdf705 elementor-widget elementor-widget-text-editor\" data-id=\"acdf705\" data-element_type=\"widget\" data-e-type=\"widget\" data-widget_type=\"text-editor.default\">\n\t\t\t\t<div class=\"elementor-widget-container\">\n\t\t\t\t\t\t\t\t\t<p><strong>Simon Malette-Brochu<\/strong><br \/>Dir : B. Brummans<\/p>\t\t\t\t\t\t\t\t<\/div>\n\t\t\t\t<\/div>\n\t\t\t\t\t<\/div>\n\t\t<\/div>\n\t\t\t\t\t<\/div>\n\t\t<\/section>\n\t\t\t\t<section class=\"elementor-section elementor-top-section elementor-element elementor-element-58b0533 elementor-section-boxed elementor-section-height-default elementor-section-height-default\" data-id=\"58b0533\" data-element_type=\"section\" data-e-type=\"section\">\n\t\t\t\t\t\t<div class=\"elementor-container elementor-column-gap-default\">\n\t\t\t\t\t<div class=\"elementor-column elementor-col-25 elementor-top-column elementor-element elementor-element-116d7a7\" data-id=\"116d7a7\" data-element_type=\"column\" data-e-type=\"column\">\n\t\t\t<div class=\"elementor-widget-wrap elementor-element-populated\">\n\t\t\t\t\t\t<div class=\"elementor-element elementor-element-0a9af57 elementor-widget elementor-widget-image\" data-id=\"0a9af57\" data-element_type=\"widget\" data-e-type=\"widget\" data-widget_type=\"image.default\">\n\t\t\t\t<div class=\"elementor-widget-container\">\n\t\t\t\t\t\t\t\t\t\t\t\t\t\t\t<img loading=\"lazy\" decoding=\"async\" width=\"150\" height=\"150\" src=\"https:\/\/groupelog.com\/wp-content\/uploads\/2022\/02\/valerie_parent-150x150.jpg\" class=\"attachment-thumbnail size-thumbnail wp-image-1001\" alt=\"\" srcset=\"https:\/\/groupelog.com\/wp-content\/uploads\/2022\/02\/valerie_parent-150x150.jpg 150w, https:\/\/groupelog.com\/wp-content\/uploads\/2022\/02\/valerie_parent.jpg 300w\" sizes=\"(max-width: 639px) 98vw, (max-width: 1199px) 64vw, 150px\" \/>\t\t\t\t\t\t\t\t\t\t\t\t\t\t\t<\/div>\n\t\t\t\t<\/div>\n\t\t\t\t<div class=\"elementor-element elementor-element-062d203 elementor-widget elementor-widget-text-editor\" data-id=\"062d203\" data-element_type=\"widget\" data-e-type=\"widget\" data-widget_type=\"text-editor.default\">\n\t\t\t\t<div class=\"elementor-widget-container\">\n\t\t\t\t\t\t\t\t\t<p><strong>Val\u00e9rie Parent<\/strong><br \/><span style=\"font-size: inherit; color: var( --e-global-color-text ); font-family: var( --e-global-typography-text-font-family ), Sans-serif; font-weight: var( --e-global-typography-text-font-weight );\"><i>\u00ab\u00a0Interaction et partage de connaissances au sein des \u00e9quipes de psycho\u00e9ducatrices et psycho\u00e9ducateurs.\u00a0\u00bb<\/i><br \/><\/span><span style=\"font-size: inherit; color: var( --e-global-color-text ); font-family: var( --e-global-typography-text-font-family ), Sans-serif; font-weight: var( --e-global-typography-text-font-weight );\">Dir : D. Robichaud<\/span><\/p>\t\t\t\t\t\t\t\t<\/div>\n\t\t\t\t<\/div>\n\t\t\t\t\t<\/div>\n\t\t<\/div>\n\t\t\t\t<div class=\"elementor-column elementor-col-25 elementor-top-column elementor-element elementor-element-311b42a\" data-id=\"311b42a\" data-element_type=\"column\" data-e-type=\"column\">\n\t\t\t<div class=\"elementor-widget-wrap elementor-element-populated\">\n\t\t\t\t\t\t<div class=\"elementor-element elementor-element-c8cb25c elementor-widget elementor-widget-image\" data-id=\"c8cb25c\" data-element_type=\"widget\" data-e-type=\"widget\" data-widget_type=\"image.default\">\n\t\t\t\t<div class=\"elementor-widget-container\">\n\t\t\t\t\t\t\t\t\t\t\t\t\t\t\t<img loading=\"lazy\" decoding=\"async\" width=\"150\" height=\"150\" src=\"https:\/\/groupelog.com\/wp-content\/uploads\/2023\/06\/a_venir.png\" class=\"attachment-thumbnail size-thumbnail wp-image-1116\" alt=\"\" \/>\t\t\t\t\t\t\t\t\t\t\t\t\t\t\t<\/div>\n\t\t\t\t<\/div>\n\t\t\t\t<div class=\"elementor-element elementor-element-0dcaa54 elementor-widget elementor-widget-text-editor\" data-id=\"0dcaa54\" data-element_type=\"widget\" data-e-type=\"widget\" data-widget_type=\"text-editor.default\">\n\t\t\t\t<div class=\"elementor-widget-container\">\n\t\t\t\t\t\t\t\t\t<p><b>Renata M\u00f4nica Pereira Rodriguez<br \/><\/b><span style=\"text-align: center;\">Dir. : F. Cooren<\/span><\/p>\t\t\t\t\t\t\t\t<\/div>\n\t\t\t\t<\/div>\n\t\t\t\t\t<\/div>\n\t\t<\/div>\n\t\t\t\t<div class=\"elementor-column elementor-col-25 elementor-top-column elementor-element elementor-element-44f8691\" data-id=\"44f8691\" data-element_type=\"column\" data-e-type=\"column\">\n\t\t\t<div class=\"elementor-widget-wrap elementor-element-populated\">\n\t\t\t\t\t\t<div class=\"elementor-element elementor-element-8d11505 elementor-widget elementor-widget-image\" data-id=\"8d11505\" data-element_type=\"widget\" data-e-type=\"widget\" data-widget_type=\"image.default\">\n\t\t\t\t<div class=\"elementor-widget-container\">\n\t\t\t\t\t\t\t\t\t\t\t\t\t\t\t<img loading=\"lazy\" decoding=\"async\" width=\"150\" height=\"150\" src=\"https:\/\/groupelog.com\/wp-content\/uploads\/2022\/02\/khaoula-150x150.jpg\" class=\"attachment-thumbnail size-thumbnail wp-image-999\" alt=\"\" srcset=\"https:\/\/groupelog.com\/wp-content\/uploads\/2022\/02\/khaoula-150x150.jpg 150w, https:\/\/groupelog.com\/wp-content\/uploads\/2022\/02\/khaoula-300x300.jpg 300w, https:\/\/groupelog.com\/wp-content\/uploads\/2022\/02\/khaoula.jpg 400w\" sizes=\"(max-width: 639px) 98vw, (max-width: 1199px) 64vw, 150px\" \/>\t\t\t\t\t\t\t\t\t\t\t\t\t\t\t<\/div>\n\t\t\t\t<\/div>\n\t\t\t\t<div class=\"elementor-element elementor-element-8bc5d50 elementor-widget elementor-widget-text-editor\" data-id=\"8bc5d50\" data-element_type=\"widget\" data-e-type=\"widget\" data-widget_type=\"text-editor.default\">\n\t\t\t\t<div class=\"elementor-widget-container\">\n\t\t\t\t\t\t\t\t\t<p><strong>Khaoula Zoghlami<\/strong><br><i>\u00ab\u00a0Les pratiques communicationnelles de repr\u00e9sentation politique des femmes en Tunisie post-r\u00e9volutionnaire.\u00a0\u00bb<\/i><br>Dir : C. Benoit-Barn\u00e9<\/p>\t\t\t\t\t\t\t\t<\/div>\n\t\t\t\t<\/div>\n\t\t\t\t\t<\/div>\n\t\t<\/div>\n\t\t\t\t<div class=\"elementor-column elementor-col-25 elementor-top-column elementor-element elementor-element-c54b3fb\" data-id=\"c54b3fb\" data-element_type=\"column\" data-e-type=\"column\">\n\t\t\t<div class=\"elementor-widget-wrap\">\n\t\t\t\t\t\t\t<\/div>\n\t\t<\/div>\n\t\t\t\t\t<\/div>\n\t\t<\/section>\n\t\t\t\t<section class=\"elementor-section elementor-top-section elementor-element elementor-element-78c608d elementor-section-boxed elementor-section-height-default elementor-section-height-default\" data-id=\"78c608d\" data-element_type=\"section\" data-e-type=\"section\">\n\t\t\t\t\t\t<div class=\"elementor-container elementor-column-gap-default\">\n\t\t\t\t\t<div class=\"elementor-column elementor-col-100 elementor-top-column elementor-element elementor-element-831ba47\" data-id=\"831ba47\" data-element_type=\"column\" data-e-type=\"column\">\n\t\t\t<div class=\"elementor-widget-wrap elementor-element-populated\">\n\t\t\t\t\t\t<div class=\"elementor-element elementor-element-b5c8c58 elementor-widget elementor-widget-heading\" data-id=\"b5c8c58\" data-element_type=\"widget\" data-e-type=\"widget\" data-widget_type=\"heading.default\">\n\t\t\t\t<div class=\"elementor-widget-container\">\n\t\t\t\t\t<h3 class=\"elementor-heading-title elementor-size-default\"><span style=\"font-weight: normal\">Doctorants et doctorantes invit\u00e9<span>\u00b7<\/span>e<span>\u00b7<\/span>s<\/span><\/h3>\t\t\t\t<\/div>\n\t\t\t\t<\/div>\n\t\t\t\t\t<\/div>\n\t\t<\/div>\n\t\t\t\t\t<\/div>\n\t\t<\/section>\n\t\t\t\t<section class=\"elementor-section elementor-top-section elementor-element elementor-element-2297622 elementor-section-boxed elementor-section-height-default elementor-section-height-default\" data-id=\"2297622\" data-element_type=\"section\" data-e-type=\"section\">\n\t\t\t\t\t\t<div class=\"elementor-container elementor-column-gap-default\">\n\t\t\t\t\t<div class=\"elementor-column elementor-col-25 elementor-top-column elementor-element elementor-element-26d27c6\" data-id=\"26d27c6\" data-element_type=\"column\" data-e-type=\"column\">\n\t\t\t<div class=\"elementor-widget-wrap elementor-element-populated\">\n\t\t\t\t\t\t<div class=\"elementor-element elementor-element-1c197ec elementor-widget elementor-widget-image\" data-id=\"1c197ec\" data-element_type=\"widget\" data-e-type=\"widget\" data-widget_type=\"image.default\">\n\t\t\t\t<div class=\"elementor-widget-container\">\n\t\t\t\t\t\t\t\t\t\t\t\t\t\t\t<img loading=\"lazy\" decoding=\"async\" width=\"150\" height=\"150\" src=\"https:\/\/groupelog.com\/wp-content\/uploads\/2023\/06\/Cassandre-Burnier-photo-150x150.jpg\" class=\"attachment-thumbnail size-thumbnail wp-image-1118\" alt=\"\" \/>\t\t\t\t\t\t\t\t\t\t\t\t\t\t\t<\/div>\n\t\t\t\t<\/div>\n\t\t\t\t<div class=\"elementor-element elementor-element-0af79dd elementor-widget elementor-widget-text-editor\" data-id=\"0af79dd\" data-element_type=\"widget\" data-e-type=\"widget\" data-widget_type=\"text-editor.default\">\n\t\t\t\t<div class=\"elementor-widget-container\">\n\t\t\t\t\t\t\t\t\t<p><b>Cassandre Burnier<\/b><\/p>\t\t\t\t\t\t\t\t<\/div>\n\t\t\t\t<\/div>\n\t\t\t\t\t<\/div>\n\t\t<\/div>\n\t\t\t\t<div class=\"elementor-column elementor-col-25 elementor-top-column elementor-element elementor-element-cb14441\" data-id=\"cb14441\" data-element_type=\"column\" data-e-type=\"column\">\n\t\t\t<div class=\"elementor-widget-wrap elementor-element-populated\">\n\t\t\t\t\t\t\t<\/div>\n\t\t<\/div>\n\t\t\t\t<div class=\"elementor-column elementor-col-25 elementor-top-column elementor-element elementor-element-a506630\" data-id=\"a506630\" data-element_type=\"column\" data-e-type=\"column\">\n\t\t\t<div class=\"elementor-widget-wrap elementor-element-populated\">\n\t\t\t\t\t\t\t<\/div>\n\t\t<\/div>\n\t\t\t\t<div class=\"elementor-column elementor-col-25 elementor-top-column elementor-element elementor-element-31adeca\" data-id=\"31adeca\" data-element_type=\"column\" data-e-type=\"column\">\n\t\t\t<div class=\"elementor-widget-wrap\">\n\t\t\t\t\t\t\t<\/div>\n\t\t<\/div>\n\t\t\t\t\t<\/div>\n\t\t<\/section>\n\t\t\t\t<\/div>\n\t\t","protected":false},"excerpt":{"rendered":"<p>Matthieu Balay\u00ab Dynamique communicationnelle d&rsquo;une activit\u00e9 de Team Building \u00bbDir. : F. Cooren Julie BilodeauDir. C. Benoit-Barn\u00e9 Fr\u00e9d\u00e9ric DionDir. : F. Cooren Laura GinouxDir : K. McAllum Luis Edgardo Gonzalez AlarconDir. : F. Cooren Amandine HamonDir : C. Benoit-Barn\u00e9 Chlo\u00e9 Keric-Eli\u00ab Pr\u00e9-suasion : pratiques communicationnelles d\u2019autorit\u00e9 dans les formations en d\u00e9veloppement personnel et professionnel \u00bbDir [&hellip;]<\/p>\n","protected":false},"author":1,"featured_media":0,"parent":0,"menu_order":0,"comment_status":"closed","ping_status":"closed","template":"","meta":{"_acf_changed":false,"footnotes":""},"class_list":["post-997","page","type-page","status-publish","hentry"],"acf":[],"_links":{"self":[{"href":"https:\/\/groupelog.com\/fr\/wp-json\/wp\/v2\/pages\/997","targetHints":{"allow":["GET"]}}],"collection":[{"href":"https:\/\/groupelog.com\/fr\/wp-json\/wp\/v2\/pages"}],"about":[{"href":"https:\/\/groupelog.com\/fr\/wp-json\/wp\/v2\/types\/page"}],"author":[{"embeddable":true,"href":"https:\/\/groupelog.com\/fr\/wp-json\/wp\/v2\/users\/1"}],"replies":[{"embeddable":true,"href":"https:\/\/groupelog.com\/fr\/wp-json\/wp\/v2\/comments?post=997"}],"version-history":[{"count":32,"href":"https:\/\/groupelog.com\/fr\/wp-json\/wp\/v2\/pages\/997\/revisions"}],"predecessor-version":[{"id":1124,"href":"https:\/\/groupelog.com\/fr\/wp-json\/wp\/v2\/pages\/997\/revisions\/1124"}],"wp:attachment":[{"href":"https:\/\/groupelog.com\/fr\/wp-json\/wp\/v2\/media?parent=997"}],"curies":[{"name":"wp","href":"https:\/\/api.w.org\/{rel}","templated":true}]}}